{"id":9107,"date":"2025-05-26T11:01:37","date_gmt":"2025-05-26T09:01:37","guid":{"rendered":"https:\/\/www.zauchenseehof.com\/imprint"},"modified":"2025-09-06T11:25:52","modified_gmt":"2025-09-06T09:25:52","slug":"imprint","status":"publish","type":"page","link":"https:\/\/www.zauchenseehof.com\/en\/imprint","title":{"rendered":"Imprint"},"content":{"rendered":"\t\t<div data-elementor-type=\"wp-page\" data-elementor-id=\"9107\" class=\"elementor elementor-9107 elementor-1032\" data-elementor-post-type=\"page\">\n\t\t\t\t<div class=\"elementor-element elementor-element-f08c42c e-flex e-con-boxed e-con e-parent\" data-id=\"f08c42c\" data-element_type=\"container\" data-e-type=\"container\" data-settings=\"{&quot;background_background&quot;:&quot;classic&quot;}\">\n\t\t\t\t\t<div class=\"e-con-inner\">\n\t\t\t\t<div class=\"elementor-element elementor-element-595809ea elementor-widget elementor-widget-heading\" data-id=\"595809ea\" data-element_type=\"widget\" data-e-type=\"widget\" data-widget_type=\"heading.default\">\n\t\t\t\t<div class=\"elementor-widget-container\">\n\t\t\t\t\t<h1 class=\"elementor-heading-title elementor-size-default\">Imprint<\/h1>\t\t\t\t<\/div>\n\t\t\t\t<\/div>\n\t\t\t\t\t<\/div>\n\t\t\t\t<\/div>\n\t\t<div class=\"elementor-element elementor-element-380f4ab5 e-flex e-con-boxed e-con e-parent\" data-id=\"380f4ab5\" data-element_type=\"container\" data-e-type=\"container\" data-settings=\"{&quot;background_background&quot;:&quot;classic&quot;}\">\n\t\t\t\t\t<div class=\"e-con-inner\">\n\t\t\t\t<div class=\"elementor-element elementor-element-7d9e3df7 elementor-widget elementor-widget-image\" data-id=\"7d9e3df7\" data-element_type=\"widget\" data-e-type=\"widget\" data-widget_type=\"image.default\">\n\t\t\t\t<div class=\"elementor-widget-container\">\n\t\t\t\t\t\t\t\t\t\t\t\t\t\t\t<img decoding=\"async\" width=\"16\" height=\"48\" src=\"https:\/\/www.zauchenseehof.com\/wp-content\/uploads\/2025\/05\/verbinder_oben_weiss.svg\" class=\"attachment-large size-large wp-image-9059\" alt=\"Connecting element\" \/>\t\t\t\t\t\t\t\t\t\t\t\t\t\t\t<\/div>\n\t\t\t\t<\/div>\n\t\t\t\t<div class=\"elementor-element elementor-element-516d5c72 elementor-widget elementor-widget-image\" data-id=\"516d5c72\" data-element_type=\"widget\" data-e-type=\"widget\" data-widget_type=\"image.default\">\n\t\t\t\t<div class=\"elementor-widget-container\">\n\t\t\t\t\t\t\t\t\t\t\t\t\t\t\t<img decoding=\"async\" width=\"16\" height=\"48\" src=\"https:\/\/www.zauchenseehof.com\/wp-content\/uploads\/2025\/05\/verbinder_unten_weiss.svg\" class=\"attachment-large size-large wp-image-9066\" alt=\"Connecting element ski-in-ski-out Zauchenseehof family hotel Salzburger Land dumbbell head bottom white\" \/>\t\t\t\t\t\t\t\t\t\t\t\t\t\t\t<\/div>\n\t\t\t\t<\/div>\n\t\t\t\t\t<\/div>\n\t\t\t\t<\/div>\n\t\t<div class=\"elementor-element elementor-element-b383c31 e-flex e-con-boxed e-con e-parent\" data-id=\"b383c31\" data-element_type=\"container\" data-e-type=\"container\" data-settings=\"{&quot;background_background&quot;:&quot;classic&quot;}\">\n\t\t\t\t\t<div class=\"e-con-inner\">\n\t\t\t\t<div class=\"elementor-element elementor-element-58175275 elementor-widget elementor-widget-heading\" data-id=\"58175275\" data-element_type=\"widget\" data-e-type=\"widget\" data-widget_type=\"heading.default\">\n\t\t\t\t<div class=\"elementor-widget-container\">\n\t\t\t\t\t<h2 class=\"elementor-heading-title elementor-size-default\">Zauchensee Walchhofer GmbH<\/h2>\t\t\t\t<\/div>\n\t\t\t\t<\/div>\n\t\t\t\t\t<\/div>\n\t\t\t\t<\/div>\n\t\t<div class=\"elementor-element elementor-element-3d25c2ee e-con-full e-flex e-con e-parent\" data-id=\"3d25c2ee\" data-element_type=\"container\" data-e-type=\"container\">\n\t\t<div class=\"elementor-element elementor-element-a688c45 e-con-full e-flex e-con e-child\" data-id=\"a688c45\" data-element_type=\"container\" data-e-type=\"container\" data-settings=\"{&quot;background_background&quot;:&quot;classic&quot;}\">\n\t\t<div class=\"elementor-element elementor-element-1e9298ae e-con-full e-flex e-con e-child\" data-id=\"1e9298ae\" data-element_type=\"container\" data-e-type=\"container\">\n\t\t\t\t<div class=\"elementor-element elementor-element-5f7d9fb elementor-widget elementor-widget-heading\" data-id=\"5f7d9fb\" data-element_type=\"widget\" data-e-type=\"widget\" data-widget_type=\"heading.default\">\n\t\t\t\t<div class=\"elementor-widget-container\">\n\t\t\t\t\t<h3 class=\"elementor-heading-title elementor-size-default\">General information:<\/h3>\t\t\t\t<\/div>\n\t\t\t\t<\/div>\n\t\t\t\t<div class=\"elementor-element elementor-element-39737301 text-b elementor-widget elementor-widget-text-editor\" data-id=\"39737301\" data-element_type=\"widget\" data-e-type=\"widget\" data-widget_type=\"text-editor.default\">\n\t\t\t\t<div class=\"elementor-widget-container\">\n\t\t\t\t\t\t\t\t\t<p>UID-Nr: ATU 55187201<br>FN: 227380 h<br>FG: Salzburg<br>GF: Rupert u. Michael Walchhofer<br>Sitz: Zauchensee 12<br>A-5541 Altenmarkt \u2013 Zauchensee<\/p><p>Tel.: <a href=\"tel:+4364524012\">+43 6452 4012<\/a><br>Fax: +43 6452 40126<br>E-mail: <a href=\"mailto:zauchenseehof@walchhofer.at\">zauchenseehof@walchhofer.at<\/a><\/p><p><a href=\"https:\/\/firmen.wko.at\/Web\/DetailsKontakt.aspx?FirmaID=e98faa86-fa8c-431d-8caf-2d4fc3fea7f9&amp;Name=Zauchensee%20Walchhofer%20GmbH&amp;Standort=Salzburg%20(Bundesland)\" target=\"_blank\" rel=\"noopener\">Information obligation acc. to ECG<\/a><\/p>\t\t\t\t\t\t\t\t<\/div>\n\t\t\t\t<\/div>\n\t\t\t\t<\/div>\n\t\t\t\t<\/div>\n\t\t<div class=\"elementor-element elementor-element-0ee3f4d e-con-full e-flex e-con e-child\" data-id=\"0ee3f4d\" data-element_type=\"container\" data-e-type=\"container\" data-settings=\"{&quot;background_background&quot;:&quot;classic&quot;}\">\n\t\t<div class=\"elementor-element elementor-element-97da100 e-con-full e-flex e-con e-child\" data-id=\"97da100\" data-element_type=\"container\" data-e-type=\"container\">\n\t\t\t\t<div class=\"elementor-element elementor-element-0d92512 elementor-widget elementor-widget-heading\" data-id=\"0d92512\" data-element_type=\"widget\" data-e-type=\"widget\" data-widget_type=\"heading.default\">\n\t\t\t\t<div class=\"elementor-widget-container\">\n\t\t\t\t\t<h3 class=\"elementor-heading-title elementor-size-default\">Concept, web design and technical implementation:<\/h3>\t\t\t\t<\/div>\n\t\t\t\t<\/div>\n\t\t\t\t<div class=\"elementor-element elementor-element-2fc15f6 text-b elementor-widget elementor-widget-text-editor\" data-id=\"2fc15f6\" data-element_type=\"widget\" data-e-type=\"widget\" data-widget_type=\"text-editor.default\">\n\t\t\t\t<div class=\"elementor-widget-container\">\n\t\t\t\t\t\t\t\t\t<p>2G Media &amp; Marketing GmbH<br>info@2gmedia.de<br><a href=\"https:\/\/www.2gmedia.de\" target=\"_blank\" rel=\"noopener\">www.2gmedia.de<\/a><\/p>\t\t\t\t\t\t\t\t<\/div>\n\t\t\t\t<\/div>\n\t\t\t\t<div class=\"elementor-element elementor-element-c72722f elementor-widget elementor-widget-heading\" data-id=\"c72722f\" data-element_type=\"widget\" data-e-type=\"widget\" data-widget_type=\"heading.default\">\n\t\t\t\t<div class=\"elementor-widget-container\">\n\t\t\t\t\t<h3 class=\"elementor-heading-title elementor-size-default\">Photos:<\/h3>\t\t\t\t<\/div>\n\t\t\t\t<\/div>\n\t\t\t\t<div class=\"elementor-element elementor-element-79e5127 text-b elementor-widget elementor-widget-text-editor\" data-id=\"79e5127\" data-element_type=\"widget\" data-e-type=\"widget\" data-widget_type=\"text-editor.default\">\n\t\t\t\t<div class=\"elementor-widget-container\">\n\t\t\t\t\t\t\t\t\t<p>Atelier Gerhard Wolkersdorfer, TVB Altenmarkt \u2013 Zauchensee u. Eben im Pongau, Magic Mountains, Golfclub Radstadt, Zauchensee Liftgesellschaft \u2013 Wei\u00dfenbacher, Ski amad\u00e9, Karl Strauch, Hans Huber, www.michaelwalchhofer.at, Familotel, Therme Amad\u00e9, sky-blue Salzburg, Shutterstock, iStock, Envato Elements, Pixabay, Unsplash, Nadia Jabli<\/p><p>360\u00b0 images: Panoramafactory Kufstein<\/p><p>More images:<br>Ice stock sport: \u00a9 Steuermark Tourismus, photo-austria.at, Martin Huber, www.martin-huber.at; <strong>Excursion destinations:<\/strong> View of Salzburg historic old town \u00a9 LMZ\/Otto Wieser, Hohenwerfen Castle Image by <a href=\"https:\/\/pixabay.com\/users\/reini_jo-48550092\/?utm_source=link-attribution&amp;utm_medium=referral&amp;utm_campaign=image&amp;utm_content=9442363\" target=\"_blank\" rel=\"noopener\">Reini_Jo<\/a> from Pixabay, Mozart&#8217;s birthplace \u2013 Photo: Tourismus Salzburg GmbH, Photo Berchtesgaden Salt Mine \u00a9 S\u00fcdwestdeutsche Salzwerke AG, Gro\u00dfglockner High Alpine Road Image by <a href=\"https:\/\/pixabay.com\/users\/ausdiemaus-10084102\/?utm_source=link-attribution&amp;utm_medium=referral&amp;utm_campaign=image&amp;utm_content=4674954\" target=\"_blank\" rel=\"noopener\">Dagmar<\/a> from Pixabay, Wild boar Image by <a href=\"https:\/\/pixabay.com\/users\/alexas_fotos-686414\/?utm_source=link-attribution&amp;utm_medium=referral&amp;utm_campaign=image&amp;utm_content=3363615\" target=\"_blank\" rel=\"noopener\">Alexa<\/a> from Pixabay, Photo Salzburg Fiaker \u00a9 Tourismus Salzburg (Breitegger G\u00fcnter), Hellbrunn Palace by User: <a href=\"https:\/\/commons.wikimedia.org\/w\/index.php?curid=3883362\" target=\"_blank\" rel=\"noopener\">MatthiasKabel<\/a> &#8211; Own work, CC BY-SA 3.0, Mauterndorf Castle <a href=\"https:\/\/commons.wikimedia.org\/wiki\/File:Mauterndorf_burg.jpg\" target=\"_blank\" rel=\"noopener\">Arne M\u00fcseler \/ www.arne-mueseler.com<\/a>, <a href=\"https:\/\/creativecommons.org\/licenses\/by-sa\/3.0\/de\/deed.en\" target=\"_blank\" rel=\"noopener\">CC BY-SA 3.0 DE<\/a>, via Wikimedia Commons, Leopoldskron Palace: \u00a9 Tourismus Salzburg, Photo: Breitegger G\u00fcnter, Mirabell Palace: \u00a9 Tourismus Salzburg, Photo: Breitegger G\u00fcnter, Waggerlhaus: <a href=\"https:\/\/commons.wikimedia.org\/wiki\/File:Wagrain_(Waggerlhaus-1).jpg\" target=\"_blank\" rel=\"noopener\">Luckyprof<\/a>, <a href=\"https:\/\/creativecommons.org\/licenses\/by-sa\/3.0\/at\/deed.en\" target=\"_blank\" rel=\"noopener\">CC BY-SA 3.0 AT<\/a>, via Wikimedia Commons, Haus der Natur: <a href=\"https:\/\/commons.wikimedia.org\/wiki\/File:Haus_der_Natur_Salzburg_2009.jpg\" target=\"_blank\" rel=\"noopener\">MatthiasKabel<\/a>, <a href=\"https:\/\/creativecommons.org\/licenses\/by-sa\/3.0\" target=\"_blank\" rel=\"noopener\">CC BY-SA 3.0<\/a>, via Wikimedia Commons, Salzburg Open-Air Museum: <a href=\"https:\/\/commons.wikimedia.org\/wiki\/File:Freilichtmuseum_Salzburg_-_zwei_Holzh%C3%A4user.jpg\">NearEMPTiness<\/a>, <a href=\"https:\/\/creativecommons.org\/licenses\/by-sa\/4.0\">CC BY-SA 4.0<\/a>, via Wikimedia Commons, Krimml Waterfalls: Image by <a href=\"https:\/\/pixabay.com\/users\/mvdsande-1847502\/?utm_source=link-attribution&amp;utm_medium=referral&amp;utm_campaign=image&amp;utm_content=1136454\" target=\"_blank\" rel=\"noopener\">Melanie van de Sande<\/a> from Pixabay, Dachstein Glacier: \u00a9 Schladming-Dachstein.at\/David McConaghy, High Mountain Reservoirs Kaprun: \u00a9 Zell am See Kaprun &#8211; Verbund, Wild boar: Image by <a href=\"https:\/\/pixabay.com\/users\/paul_henri-6735189\/?utm_source=link-attribution&amp;utm_medium=referral&amp;utm_campaign=image&amp;utm_content=6909689\" target=\"_blank\" rel=\"noopener\">Paul Henri Degrande<\/a> from Pixabay, Zoo Salzburg Arctic Wolf: Image by                 <a href=\"https:\/\/pixabay.com\/users\/miezekieze-607096\/?utm_source=link-attribution&amp;utm_medium=referral&amp;utm_campaign=image&amp;utm_content=8372315\" target=\"_blank\" rel=\"noopener\">Sandra Kapella<\/a> from Pixabay, Getreidegasse Salzburg: Photo: \u00a9 Tourismus Salzburg GmbH, Dachstein: Image by <a href=\"https:\/\/pixabay.com\/users\/g_creative-2428976\/?utm_source=link-attribution&amp;utm_medium=referral&amp;utm_campaign=image&amp;utm_content=3725535\">Jir\u00ed Groh<\/a> from Pixabay, <br>Chronicle of the Walchhofer Hotels: Photo Panorama-Link Bahn by  <a href=\"https:\/\/www.wagrain-kleinarl.at\/de\/aktivitaeten\/skifahren-snowboarden\/bergbahnen\/panoramalink.html\">www.wagrain-kleinarl.at<\/a><\/p>\t\t\t\t\t\t\t\t<\/div>\n\t\t\t\t<\/div>\n\t\t\t\t<\/div>\n\t\t<div class=\"elementor-element elementor-element-74f2c6a e-con-full e-flex e-con e-child\" data-id=\"74f2c6a\" data-element_type=\"container\" data-e-type=\"container\" data-settings=\"{&quot;background_background&quot;:&quot;classic&quot;}\">\n\t\t\t\t<div class=\"elementor-element elementor-element-1074369 elementor-widget elementor-widget-spacer\" data-id=\"1074369\" data-element_type=\"widget\" data-e-type=\"widget\" data-widget_type=\"spacer.default\">\n\t\t\t\t<div class=\"elementor-widget-container\">\n\t\t\t\t\t\t\t<div class=\"elementor-spacer\">\n\t\t\t<div class=\"elementor-spacer-inner\"><\/div>\n\t\t<\/div>\n\t\t\t\t\t\t<\/div>\n\t\t\t\t<\/div>\n\t\t\t\t<\/div>\n\t\t\t\t<\/div>\n\t\t\t\t<\/div>\n\t\t\t\t<\/div>\n\t\t","protected":false},"excerpt":{"rendered":"<p>Zauchensee Walchhofer GmbH General information: UID-Nr: ATU 55187201FN: 227380 hFG: SalzburgGF: Rupert u. Michael WalchhoferSitz: Zauchensee 12A-5541 Altenmarkt \u2013 Zauchensee Tel.: +43 6452 4012Fax: +43 6452 40126E-mail: zauchenseehof@walchhofer.at Information obligation acc. to ECG Concept, web design and technical implementation: 2G Media &amp; Marketing GmbHinfo@2gmedia.dewww.2gmedia.de Photos: Atelier Gerhard Wolkersdorfer, TVB Altenmarkt \u2013 Zauchensee u. Eben im [&hellip;]<\/p>\n","protected":false},"author":3,"featured_media":9098,"parent":0,"menu_order":0,"comment_status":"closed","ping_status":"closed","template":"","meta":{"_acf_changed":false,"footnotes":""},"class_list":["post-9107","page","type-page","status-publish","has-post-thumbnail","hentry"],"acf":[],"yoast_head":"<!-- This site is optimized with the Yoast SEO Premium plugin v27.4 (Yoast SEO v27.4) - https:\/\/yoast.com\/product\/yoast-seo-premium-wordpress\/ -->\n<title>Imprint: Legal Information and Contact - Zauchenseehof<\/title>\n<meta name=\"description\" content=\"Read the imprint for comprehensive information about Zauchensee, including UID and managing directors.\" \/>\n<meta name=\"robots\" content=\"index, follow, max-snippet:-1, max-image-preview:large, max-video-preview:-1\" \/>\n<link rel=\"canonical\" href=\"https:\/\/www.zauchenseehof.com\/en\/imprint\" \/>\n<meta property=\"og:locale\" content=\"en_US\" \/>\n<meta property=\"og:type\" content=\"article\" \/>\n<meta property=\"og:title\" content=\"Imprint: Legal Information and Contact to Family hotel Zauchenseehof\" \/>\n<meta property=\"og:description\" content=\"Read the imprint for comprehensive information about Zauchensee, including UID and managing directors.\" \/>\n<meta property=\"og:url\" content=\"https:\/\/www.zauchenseehof.com\/en\/imprint\" \/>\n<meta property=\"og:site_name\" content=\"Zauchenseehof\" \/>\n<meta property=\"article:publisher\" content=\"https:\/\/www.facebook.com\/die.walchhofer\/\" \/>\n<meta property=\"article:modified_time\" content=\"2025-09-06T09:25:52+00:00\" \/>\n<meta property=\"og:image\" content=\"https:\/\/www.zauchenseehof.com\/wp-content\/uploads\/2025\/05\/diewalchhofers\u00a9nadiajabli-5832-scaled.webp\" \/>\n\t<meta property=\"og:image:width\" content=\"2560\" \/>\n\t<meta property=\"og:image:height\" content=\"1707\" \/>\n\t<meta property=\"og:image:type\" content=\"image\/webp\" \/>\n<meta name=\"twitter:card\" content=\"summary_large_image\" \/>\n<meta name=\"twitter:title\" content=\"Imprint: Legal Information and Contact to Family hotel Zauchenseehof\" \/>\n<meta name=\"twitter:description\" content=\"Read the imprint for comprehensive information about Zauchensee, including UID and managing directors.\" \/>\n<meta name=\"twitter:label1\" content=\"Est. reading time\" \/>\n\t<meta name=\"twitter:data1\" content=\"1 minute\" \/>\n<script type=\"application\/ld+json\" class=\"yoast-schema-graph\">{\"@context\":\"https:\\\/\\\/schema.org\",\"@graph\":[{\"@type\":\"WebPage\",\"@id\":\"https:\\\/\\\/www.zauchenseehof.com\\\/en\\\/imprint\",\"url\":\"https:\\\/\\\/www.zauchenseehof.com\\\/en\\\/imprint\",\"name\":\"Imprint: Legal Information and Contact - Zauchenseehof\",\"isPartOf\":{\"@id\":\"https:\\\/\\\/www.zauchenseehof.com\\\/en#website\"},\"primaryImageOfPage\":{\"@id\":\"https:\\\/\\\/www.zauchenseehof.com\\\/en\\\/imprint#primaryimage\"},\"image\":{\"@id\":\"https:\\\/\\\/www.zauchenseehof.com\\\/en\\\/imprint#primaryimage\"},\"thumbnailUrl\":\"https:\\\/\\\/www.zauchenseehof.com\\\/wp-content\\\/uploads\\\/2025\\\/05\\\/diewalchhofers\u00a9nadiajabli-5832-scaled.webp\",\"datePublished\":\"2025-05-26T09:01:37+00:00\",\"dateModified\":\"2025-09-06T09:25:52+00:00\",\"description\":\"Read the imprint for comprehensive information about Zauchensee, including UID and managing directors.\",\"breadcrumb\":{\"@id\":\"https:\\\/\\\/www.zauchenseehof.com\\\/en\\\/imprint#breadcrumb\"},\"inLanguage\":\"en\",\"potentialAction\":[{\"@type\":\"ReadAction\",\"target\":[\"https:\\\/\\\/www.zauchenseehof.com\\\/en\\\/imprint\"]}]},{\"@type\":\"ImageObject\",\"inLanguage\":\"en\",\"@id\":\"https:\\\/\\\/www.zauchenseehof.com\\\/en\\\/imprint#primaryimage\",\"url\":\"https:\\\/\\\/www.zauchenseehof.com\\\/wp-content\\\/uploads\\\/2025\\\/05\\\/diewalchhofers\u00a9nadiajabli-5832-scaled.webp\",\"contentUrl\":\"https:\\\/\\\/www.zauchenseehof.com\\\/wp-content\\\/uploads\\\/2025\\\/05\\\/diewalchhofers\u00a9nadiajabli-5832-scaled.webp\",\"width\":2560,\"height\":1707,\"caption\":\"Zwei Skifahrer auf einem verschneiten Hang unter einem klaren blauen Himmel mit Sonnenschein. Familienhotel Zauchenseehof Salzburger Land\"},{\"@type\":\"BreadcrumbList\",\"@id\":\"https:\\\/\\\/www.zauchenseehof.com\\\/en\\\/imprint#breadcrumb\",\"itemListElement\":[{\"@type\":\"ListItem\",\"position\":1,\"name\":\"Startseite\",\"item\":\"https:\\\/\\\/www.zauchenseehof.com\\\/en\"},{\"@type\":\"ListItem\",\"position\":2,\"name\":\"Imprint\"}]},{\"@type\":\"WebSite\",\"@id\":\"https:\\\/\\\/www.zauchenseehof.com\\\/en#website\",\"url\":\"https:\\\/\\\/www.zauchenseehof.com\\\/en\",\"name\":\"Familienhotel Zauchenseehof\",\"description\":\"Familienhotel im Salzburger Land\",\"publisher\":{\"@id\":\"https:\\\/\\\/www.zauchenseehof.com\\\/en#organization\"},\"alternateName\":\"Zauchenseehof\",\"potentialAction\":[{\"@type\":\"SearchAction\",\"target\":{\"@type\":\"EntryPoint\",\"urlTemplate\":\"https:\\\/\\\/www.zauchenseehof.com\\\/en?s={search_term_string}\"},\"query-input\":{\"@type\":\"PropertyValueSpecification\",\"valueRequired\":true,\"valueName\":\"search_term_string\"}}],\"inLanguage\":\"en\"},{\"@type\":[\"Organization\",\"Place\",\"Hotel\"],\"@id\":\"https:\\\/\\\/www.zauchenseehof.com\\\/en#organization\",\"name\":\"Familienhotel Zauchenseehof Familotel Salzburger Land\",\"alternateName\":\"Familienhotel Zauchenseehof\",\"url\":\"https:\\\/\\\/www.zauchenseehof.com\\\/en\",\"logo\":{\"@id\":\"https:\\\/\\\/www.zauchenseehof.com\\\/en\\\/imprint#local-main-organization-logo\"},\"image\":{\"@id\":\"https:\\\/\\\/www.zauchenseehof.com\\\/en\\\/imprint#local-main-organization-logo\"},\"sameAs\":[\"https:\\\/\\\/www.facebook.com\\\/die.walchhofer\\\/\",\"https:\\\/\\\/www.instagram.com\\\/die_walchhofers\\\/\",\"https:\\\/\\\/www.youtube.com\\\/user\\\/Zauchenseehof\"],\"description\":\"Familienhotel im Salzburger Land mit Skischule direkt im Ski- und Wandergebiet Zauchensee Altenmarkt.\",\"legalName\":\"Zauchensee Walchhofer GmbH\",\"address\":{\"@id\":\"https:\\\/\\\/www.zauchenseehof.com\\\/en\\\/imprint#local-main-place-address\"},\"geo\":{\"@type\":\"GeoCoordinates\",\"latitude\":\"47.293803\",\"longitude\":\"13.4564524\"},\"telephone\":[\"+43 6452 4012\"],\"openingHoursSpecification\":[],\"email\":\"zauchenseehof@walchhofer.at\",\"faxNumber\":\"+43 6452 40126\",\"vatID\":\"ATU 55187201\",\"priceRange\":\"$$$\",\"currenciesAccepted\":\"Euro\",\"paymentAccepted\":\"EC, Kreditkarten\"},{\"@type\":\"PostalAddress\",\"@id\":\"https:\\\/\\\/www.zauchenseehof.com\\\/en\\\/imprint#local-main-place-address\",\"streetAddress\":\"Zauchensee 12\",\"addressLocality\":\"Altenmarkt \u2013 Zauchensee\",\"postalCode\":\"5541\",\"addressRegion\":\"Salzburg\",\"addressCountry\":\"AT\"},{\"@type\":\"ImageObject\",\"inLanguage\":\"en\",\"@id\":\"https:\\\/\\\/www.zauchenseehof.com\\\/en\\\/imprint#local-main-organization-logo\",\"url\":\"https:\\\/\\\/www.zauchenseehof.com\\\/wp-content\\\/uploads\\\/2025\\\/10\\\/favicon_grey_150-1.webp\",\"contentUrl\":\"https:\\\/\\\/www.zauchenseehof.com\\\/wp-content\\\/uploads\\\/2025\\\/10\\\/favicon_grey_150-1.webp\",\"width\":150,\"height\":150,\"caption\":\"Familienhotel Zauchenseehof Familotel Salzburger Land\"}]}<\/script>\n<meta name=\"geo.placename\" content=\"Altenmarkt \u2013 Zauchensee\" \/>\n<meta name=\"geo.position\" content=\"47.293803;13.4564524\" \/>\n<meta name=\"geo.region\" content=\"Austria\" \/>\n<!-- \/ Yoast SEO Premium plugin. -->","yoast_head_json":{"title":"Imprint: Legal Information and Contact - Zauchenseehof","description":"Read the imprint for comprehensive information about Zauchensee, including UID and managing directors.","robots":{"index":"index","follow":"follow","max-snippet":"max-snippet:-1","max-image-preview":"max-image-preview:large","max-video-preview":"max-video-preview:-1"},"canonical":"https:\/\/www.zauchenseehof.com\/en\/imprint","og_locale":"en_US","og_type":"article","og_title":"Imprint: Legal Information and Contact to Family hotel Zauchenseehof","og_description":"Read the imprint for comprehensive information about Zauchensee, including UID and managing directors.","og_url":"https:\/\/www.zauchenseehof.com\/en\/imprint","og_site_name":"Zauchenseehof","article_publisher":"https:\/\/www.facebook.com\/die.walchhofer\/","article_modified_time":"2025-09-06T09:25:52+00:00","og_image":[{"width":2560,"height":1707,"url":"https:\/\/www.zauchenseehof.com\/wp-content\/uploads\/2025\/05\/diewalchhofers\u00a9nadiajabli-5832-scaled.webp","type":"image\/webp"}],"twitter_card":"summary_large_image","twitter_title":"Imprint: Legal Information and Contact to Family hotel Zauchenseehof","twitter_description":"Read the imprint for comprehensive information about Zauchensee, including UID and managing directors.","twitter_misc":{"Est. reading time":"1 minute"},"schema":{"@context":"https:\/\/schema.org","@graph":[{"@type":"WebPage","@id":"https:\/\/www.zauchenseehof.com\/en\/imprint","url":"https:\/\/www.zauchenseehof.com\/en\/imprint","name":"Imprint: Legal Information and Contact - Zauchenseehof","isPartOf":{"@id":"https:\/\/www.zauchenseehof.com\/en#website"},"primaryImageOfPage":{"@id":"https:\/\/www.zauchenseehof.com\/en\/imprint#primaryimage"},"image":{"@id":"https:\/\/www.zauchenseehof.com\/en\/imprint#primaryimage"},"thumbnailUrl":"https:\/\/www.zauchenseehof.com\/wp-content\/uploads\/2025\/05\/diewalchhofers\u00a9nadiajabli-5832-scaled.webp","datePublished":"2025-05-26T09:01:37+00:00","dateModified":"2025-09-06T09:25:52+00:00","description":"Read the imprint for comprehensive information about Zauchensee, including UID and managing directors.","breadcrumb":{"@id":"https:\/\/www.zauchenseehof.com\/en\/imprint#breadcrumb"},"inLanguage":"en","potentialAction":[{"@type":"ReadAction","target":["https:\/\/www.zauchenseehof.com\/en\/imprint"]}]},{"@type":"ImageObject","inLanguage":"en","@id":"https:\/\/www.zauchenseehof.com\/en\/imprint#primaryimage","url":"https:\/\/www.zauchenseehof.com\/wp-content\/uploads\/2025\/05\/diewalchhofers\u00a9nadiajabli-5832-scaled.webp","contentUrl":"https:\/\/www.zauchenseehof.com\/wp-content\/uploads\/2025\/05\/diewalchhofers\u00a9nadiajabli-5832-scaled.webp","width":2560,"height":1707,"caption":"Zwei Skifahrer auf einem verschneiten Hang unter einem klaren blauen Himmel mit Sonnenschein. Familienhotel Zauchenseehof Salzburger Land"},{"@type":"BreadcrumbList","@id":"https:\/\/www.zauchenseehof.com\/en\/imprint#breadcrumb","itemListElement":[{"@type":"ListItem","position":1,"name":"Startseite","item":"https:\/\/www.zauchenseehof.com\/en"},{"@type":"ListItem","position":2,"name":"Imprint"}]},{"@type":"WebSite","@id":"https:\/\/www.zauchenseehof.com\/en#website","url":"https:\/\/www.zauchenseehof.com\/en","name":"Familienhotel Zauchenseehof","description":"Familienhotel im Salzburger Land","publisher":{"@id":"https:\/\/www.zauchenseehof.com\/en#organization"},"alternateName":"Zauchenseehof","potentialAction":[{"@type":"SearchAction","target":{"@type":"EntryPoint","urlTemplate":"https:\/\/www.zauchenseehof.com\/en?s={search_term_string}"},"query-input":{"@type":"PropertyValueSpecification","valueRequired":true,"valueName":"search_term_string"}}],"inLanguage":"en"},{"@type":["Organization","Place","Hotel"],"@id":"https:\/\/www.zauchenseehof.com\/en#organization","name":"Familienhotel Zauchenseehof Familotel Salzburger Land","alternateName":"Familienhotel Zauchenseehof","url":"https:\/\/www.zauchenseehof.com\/en","logo":{"@id":"https:\/\/www.zauchenseehof.com\/en\/imprint#local-main-organization-logo"},"image":{"@id":"https:\/\/www.zauchenseehof.com\/en\/imprint#local-main-organization-logo"},"sameAs":["https:\/\/www.facebook.com\/die.walchhofer\/","https:\/\/www.instagram.com\/die_walchhofers\/","https:\/\/www.youtube.com\/user\/Zauchenseehof"],"description":"Familienhotel im Salzburger Land mit Skischule direkt im Ski- und Wandergebiet Zauchensee Altenmarkt.","legalName":"Zauchensee Walchhofer GmbH","address":{"@id":"https:\/\/www.zauchenseehof.com\/en\/imprint#local-main-place-address"},"geo":{"@type":"GeoCoordinates","latitude":"47.293803","longitude":"13.4564524"},"telephone":["+43 6452 4012"],"openingHoursSpecification":[],"email":"zauchenseehof@walchhofer.at","faxNumber":"+43 6452 40126","vatID":"ATU 55187201","priceRange":"$$$","currenciesAccepted":"Euro","paymentAccepted":"EC, Kreditkarten"},{"@type":"PostalAddress","@id":"https:\/\/www.zauchenseehof.com\/en\/imprint#local-main-place-address","streetAddress":"Zauchensee 12","addressLocality":"Altenmarkt \u2013 Zauchensee","postalCode":"5541","addressRegion":"Salzburg","addressCountry":"AT"},{"@type":"ImageObject","inLanguage":"en","@id":"https:\/\/www.zauchenseehof.com\/en\/imprint#local-main-organization-logo","url":"https:\/\/www.zauchenseehof.com\/wp-content\/uploads\/2025\/10\/favicon_grey_150-1.webp","contentUrl":"https:\/\/www.zauchenseehof.com\/wp-content\/uploads\/2025\/10\/favicon_grey_150-1.webp","width":150,"height":150,"caption":"Familienhotel Zauchenseehof Familotel Salzburger Land"}]},"geo.placename":"Altenmarkt \u2013 Zauchensee","geo.position":{"lat":"47.293803","long":"13.4564524"},"geo.region":"Austria"},"_links":{"self":[{"href":"https:\/\/www.zauchenseehof.com\/en\/wp-json\/wp\/v2\/pages\/9107","targetHints":{"allow":["GET"]}}],"collection":[{"href":"https:\/\/www.zauchenseehof.com\/en\/wp-json\/wp\/v2\/pages"}],"about":[{"href":"https:\/\/www.zauchenseehof.com\/en\/wp-json\/wp\/v2\/types\/page"}],"author":[{"embeddable":true,"href":"https:\/\/www.zauchenseehof.com\/en\/wp-json\/wp\/v2\/users\/3"}],"replies":[{"embeddable":true,"href":"https:\/\/www.zauchenseehof.com\/en\/wp-json\/wp\/v2\/comments?post=9107"}],"version-history":[{"count":1,"href":"https:\/\/www.zauchenseehof.com\/en\/wp-json\/wp\/v2\/pages\/9107\/revisions"}],"predecessor-version":[{"id":9108,"href":"https:\/\/www.zauchenseehof.com\/en\/wp-json\/wp\/v2\/pages\/9107\/revisions\/9108"}],"wp:featuredmedia":[{"embeddable":true,"href":"https:\/\/www.zauchenseehof.com\/en\/wp-json\/wp\/v2\/media\/9098"}],"wp:attachment":[{"href":"https:\/\/www.zauchenseehof.com\/en\/wp-json\/wp\/v2\/media?parent=9107"}],"curies":[{"name":"wp","href":"https:\/\/api.w.org\/{rel}","templated":true}]}}